{"id":84,"date":"2025-07-08T18:48:25","date_gmt":"2025-07-08T16:48:25","guid":{"rendered":"https:\/\/www.hostelandes.com\/?page_id=84"},"modified":"2025-07-08T22:31:10","modified_gmt":"2025-07-08T20:31:10","slug":"donde-estamos","status":"publish","type":"page","link":"https:\/\/www.hostelandes.com\/index.php\/donde-estamos\/","title":{"rendered":"D\u00f3nde estamos"},"content":{"rendered":"<p>[et_pb_section fb_built=\u00bb1&#8243; custom_padding_last_edited=\u00bbon|phone\u00bb _builder_version=\u00bb4.27.4&#8243; _module_preset=\u00bbdefault\u00bb custom_margin=\u00bb0px||0px||false|false\u00bb custom_padding=\u00bb100px||0px||false|false\u00bb custom_padding_tablet=\u00bb1px||120px||false|false\u00bb custom_padding_phone=\u00bb1px||90px||false|false\u00bb global_colors_info=\u00bb{}\u00bb][et_pb_row column_structure=\u00bb1_2,1_2&#8243; use_custom_gutter=\u00bbon\u00bb gutter_width=\u00bb2&#8243; _builder_version=\u00bb4.27.4&#8243; _module_preset=\u00bbdefault\u00bb width=\u00bb90%\u00bb max_width=\u00bb90%\u00bb custom_margin=\u00bb0px||0px||false|false\u00bb custom_padding=\u00bb0px||38px||false|false\u00bb border_color_bottom=\u00bb#d6d6d6&#8243; global_colors_info=\u00bb{}\u00bb][et_pb_column type=\u00bb1_2&#8243; _builder_version=\u00bb4.27.4&#8243; _module_preset=\u00bbdefault\u00bb custom_padding=\u00bb|||119px|false|false\u00bb custom_padding_tablet=\u00bb|||119px|false|false\u00bb custom_padding_phone=\u00bb|||0px|false|false\u00bb custom_padding_last_edited=\u00bbon|phone\u00bb animation_style=\u00bbslide\u00bb animation_intensity_slide=\u00bb4%\u00bb animation_speed_curve=\u00bbease\u00bb global_colors_info=\u00bb{}\u00bb][et_pb_text _builder_version=\u00bb4.27.4&#8243; _module_preset=\u00bbdefault\u00bb header_2_font=\u00bbGilroy Extrabold|700||on|||||\u00bb header_2_text_align=\u00bbleft\u00bb header_2_text_color=\u00bb#0d3a37&#8243; header_2_font_size=\u00bb50px\u00bb header_2_letter_spacing=\u00bb2px\u00bb header_2_line_height=\u00bb1.2em\u00bb custom_margin=\u00bb150px||7px||false|false\u00bb custom_padding=\u00bb0px||0px||false|false\u00bb hover_enabled=\u00bb0&#8243; header_2_font_size_tablet=\u00bb33px\u00bb header_2_font_size_phone=\u00bb25px\u00bb header_2_font_size_last_edited=\u00bbon|phone\u00bb locked=\u00bboff\u00bb global_colors_info=\u00bb{}\u00bb custom_margin_last_edited=\u00bbon|phone\u00bb custom_margin_phone=\u00bb60px||7px||false|false\u00bb sticky_enabled=\u00bb0&#8243; custom_margin_tablet=\u00bb150px||7px||false|false\u00bb]<\/p>\n<h2>D\u00d3NDE ESTAMOS<\/h2>\n<p>[\/et_pb_text][et_pb_text _builder_version=\u00bb4.27.4&#8243; _module_preset=\u00bbdefault\u00bb text_font=\u00bb||||||||\u00bb text_text_color=\u00bb#616161&#8243; text_font_size=\u00bb20px\u00bb text_line_height=\u00bb1.6em\u00bb max_width=\u00bb750px\u00bb module_alignment=\u00bbleft\u00bb custom_margin=\u00bb0px||20px||false|false\u00bb custom_padding=\u00bb0px||0px||false|false\u00bb hover_enabled=\u00bb0&#8243; global_colors_info=\u00bb{}\u00bb sticky_enabled=\u00bb0&#8243; text_font_size_last_edited=\u00bbon|phone\u00bb text_font_size_phone=\u00bb17px\u00bb text_font_size_tablet=\u00bb20px\u00bb]<\/p>\n<p>Direcci\u00f3n completa: Av. Carlemany 15, Escaldes-Engordany.<\/p>\n<p>Estamos en Escaldes-Engordany, a pocos pasos de Andorra la Vella, con acceso f\u00e1cil al transporte p\u00fablico, rutas de monta\u00f1a, tiendas, termas y nuestras estaciones de esqu\u00ed.<br \/>.<\/p>\n<p>[\/et_pb_text][\/et_pb_column][et_pb_column type=\u00bb1_2&#8243; _builder_version=\u00bb4.27.4&#8243; _module_preset=\u00bbdefault\u00bb animation_style=\u00bbslide\u00bb animation_intensity_slide=\u00bb4%\u00bb animation_speed_curve=\u00bbease\u00bb global_colors_info=\u00bb{}\u00bb][et_pb_code _builder_version=\u00bb4.27.4&#8243; _module_preset=\u00bbdefault\u00bb box_shadow_style=\u00bbpreset4&#8243; box_shadow_horizontal=\u00bb-10px\u00bb box_shadow_color=\u00bb#0d3a37&#8243; global_colors_info=\u00bb{}\u00bb]<iframe src=\"https:\/\/www.google.com\/maps\/embed?pb=!1m18!1m12!1m3!1d2941.1764207169963!2d1.5411893118765114!3d42.509058725554766!2m3!1f0!2f0!3f0!3m2!1i1024!2i768!4f13.1!3m3!1m2!1s0x12a58ae65dd1e6a7%3A0xc0387894ffc93887!2sALBERG%20ELS%20ANDES!5e0!3m2!1ses!2sve!4v1751583501423!5m2!1ses!2sve\" width=\"100%\" height=\"450\" style=\"border:0;\" allowfullscreen=\"\" loading=\"lazy\" referrerpolicy=\"no-referrer-when-downgrade\"><\/iframe>[\/et_pb_code][\/et_pb_column][\/et_pb_row][\/et_pb_section]<\/p>\n","protected":false},"excerpt":{"rendered":"<p>D\u00d3NDE ESTAMOSDirecci\u00f3n completa: Av. Carlemany 15, Escaldes-Engordany. Estamos en Escaldes-Engordany, a pocos pasos de Andorra la Vella, con acceso f\u00e1cil al transporte p\u00fablico, rutas de monta\u00f1a, tiendas, termas y nuestras estaciones de esqu\u00ed..<\/p>\n","protected":false},"author":1,"featured_media":0,"parent":0,"menu_order":0,"comment_status":"closed","ping_status":"closed","template":"","meta":{"_et_pb_use_builder":"on","_et_pb_old_content":"","_et_gb_content_width":"","footnotes":""},"dipi_cpt_category":[],"class_list":["post-84","page","type-page","status-publish","hentry"],"_links":{"self":[{"href":"https:\/\/www.hostelandes.com\/index.php\/wp-json\/wp\/v2\/pages\/84","targetHints":{"allow":["GET"]}}],"collection":[{"href":"https:\/\/www.hostelandes.com\/index.php\/wp-json\/wp\/v2\/pages"}],"about":[{"href":"https:\/\/www.hostelandes.com\/index.php\/wp-json\/wp\/v2\/types\/page"}],"author":[{"embeddable":true,"href":"https:\/\/www.hostelandes.com\/index.php\/wp-json\/wp\/v2\/users\/1"}],"replies":[{"embeddable":true,"href":"https:\/\/www.hostelandes.com\/index.php\/wp-json\/wp\/v2\/comments?post=84"}],"version-history":[{"count":6,"href":"https:\/\/www.hostelandes.com\/index.php\/wp-json\/wp\/v2\/pages\/84\/revisions"}],"predecessor-version":[{"id":156,"href":"https:\/\/www.hostelandes.com\/index.php\/wp-json\/wp\/v2\/pages\/84\/revisions\/156"}],"wp:attachment":[{"href":"https:\/\/www.hostelandes.com\/index.php\/wp-json\/wp\/v2\/media?parent=84"}],"wp:term":[{"taxonomy":"dipi_cpt_category","embeddable":true,"href":"https:\/\/www.hostelandes.com\/index.php\/wp-json\/wp\/v2\/dipi_cpt_category?post=84"}],"curies":[{"name":"wp","href":"https:\/\/api.w.org\/{rel}","templated":true}]}}